{"id":402,"date":"2025-10-15T21:19:37","date_gmt":"2025-10-15T19:19:37","guid":{"rendered":"https:\/\/www.maternasandomenico.it\/a\/?page_id=402"},"modified":"2025-10-15T21:21:28","modified_gmt":"2025-10-15T19:21:28","slug":"la-nostra-storia-im","status":"publish","type":"page","link":"https:\/\/www.maternasandomenico.it\/a\/la-nostra-storia-im\/","title":{"rendered":"La nostra storia im"},"content":{"rendered":"<div class=\"wpb-content-wrapper\"><p>[vc_row][vc_column]<h2 id=\"uvc-type-wrap-9465\"  data-ultimate-target='#uvc-type-wrap-9465'  data-responsive-json-new='{\"font-size\":\"\",\"line-height\":\"\"}'  class=\"uvc-type-wrap  ult-adjust-bottom-margin ult-responsive  uvc-type-align-center uvc-type-no-prefix uvc-wrap-069f61ceb6f345\" style=\"text-align:center;\"><span id=\"typed-069f61ceb6f345\" class=\"ultimate-typed-main \" style=\"color:#000000; font-weight:normal; text-transform: unset;\"><\/span><script type=\"text\/javascript\">\n\t\t\t\t\t\tjQuery(function($){ \n\t\t\t\t\t\t\t$(document).ready(function(){\n\t\t\t\t\t\t\t\tif( typeof jQuery(\"#typed-069f61ceb6f345\").typed == \"function\"){\n\t\t\t\t\t\t\t\t\t$(\"#typed-069f61ceb6f345\").typed({\n\t\t\t\t\t\t\t\t\t\tstrings: [\"CENNI STORICI SCUOLA MARIA IMMACOLATA\"],\n\t\t\t\t\t\t\t\t\t\ttypeSpeed: 35,\n\t\t\t\t\t\t\t\t\t\tbackSpeed: 0,\n\t\t\t\t\t\t\t\t\t\tstartDelay: \"200\",\n\t\t\t\t\t\t\t\t\t\tbackDelay: \"1500\",\n\t\t\t\t\t\t\t\t\t\tloop: true,\n\t\t\t\t\t\t\t\t\t\tloopCount: false,\n\t\t\t\t\t\t\t\t\t\tshowCursor: true,\n\t\t\t\t\t\t\t\t\t\tcursorChar: \"|\",\n\t\t\t\t\t\t\t\t\t\tattr: null\n\t\t\t\t\t\t\t\t\t});\n\t\t\t\t\t\t\t\t}\n\t\t\t\t\t\t\t});\n\t\t\t\t\t\t});\n\t\t\t\t\t<\/script><\/h2>[vc_column_text css=&#8221;&#8221;]<span style=\"color: #000000;\">Nel 1933 era iniziata la costruzione della linea ferroviaria Fossano \/Ceva e nella zona denominata Borgo Aragno era in fase di costruzione la futura stazione ferroviaria.<\/span><\/p>\n<p><span style=\"color: #000000;\">A quei tempi nella zona del Borgo Aragno, come pure lungo la strada per Cuneo, esistevano poche cascine, mentre nella parte denominata Altipiano erano iniziate da poco le costruzioni di alcune ville.<\/span><\/p>\n<p><span style=\"color: #000000;\">Sia il Borgo Aragno che la nuova zona di espansione dell&#8217;Altipiano ricadevano sotto la giurisdizione della parrocchia dei SS. Pietro e Paolo di Breo.<\/span><\/p>\n<p><span style=\"color: #000000;\">Atteso che le Suore Francescane di Mondov\u00ec Breo da anni gestivano un servizio di Asilo presso i Piani, decisero di istituire un punto di aggregazione anche nella parte della citt\u00e0 che si andava espandendo.<\/span><\/p>\n<p><span style=\"color: #000000;\">Il 10 settembre 1935 l&#8217;avvocato Eugenio Comino, in qualit\u00e0 di Amministratore della Societ\u00e0 Anonima Subalpina, comper\u00f2 su richiesta della Congregazione un piccolo fabbricato dal sig. Paolo Tealdi (rogito notaio Ambrogio dr. Giuseppe Emanuele), registrato a Mondov\u00ec il 26 marzo 1935 al n. 334 vol. 264 con \u00a3 3.620,65. per il prezzo di \u00a3 35.000 (trentacinquemila)<\/span><\/p>\n<p><span style=\"color: #000000;\">Le coerenze di detta casa sono all&#8217;anno 1935 l&#8217;antica strada provinciale Mondov\u00ec \/Fossano, (che per un tratto ancora esiste proprio dinnanzi al cancello di ingresso), Aimo Bartolomeo, Grosso Giovanni, Allena Giuseppe.<\/span><\/p>\n<p><span style=\"color: #000000;\">Nella casetta divenuta di propriet\u00e0 delle suore Francescane di Mondov\u00ec venne aperto subito un asilo perch\u00e9 quella zona cittadina era allora priva d questo tipo di servizio. In quanto gli asili erano nella parte vecchia della citt\u00e0 ossia ai Piani, a Carassone, a Piazza e al Borgato.<\/span><\/p>\n<p><span style=\"color: #000000;\">Detta struttura venne anche utilizzata per il doposcuola dei bimbi delle elementari, per insegnare alla ragazze del Borgo l&#8217;arte del cucito e del ricamo, e per dare un servizio infermieristico di base (iniezioni) alle persone che ne avevano necessit\u00e0.<\/span><\/p>\n<p><span style=\"color: #000000;\">Gradatamente il numero dei bimbi frequentanti l&#8217;asilo crebbe ed il locale divenne insufficiente per capienza e per funzionalit\u00e0.<\/span><\/p>\n<p><span style=\"color: #000000;\">Si provvede pertanto ad effettuare una ristrutturazione con ampliamento dei locali nell&#8217;anno 1954 e i lavori vennero eseguiti dall&#8217; impresa del geom. Cavagno.<\/span><\/p>\n<p><span style=\"color: #000000;\">Il locale risult\u00f2 cos\u00ec raddoppiato, dotato di impianto di riscaldamento con termosifoni, nuovi servizi igienici e sufficienti locali.<\/span><\/p>\n<p><span style=\"color: #000000;\">La spesa di detto intervento fu di \u00a3 8.445.475<\/span><\/p>\n<p><span style=\"color: #000000;\">Nell&#8217; anno 1974\/1975 venero effettuati ulteriori lavori edilizi, sostituzione della caldaia, rifacimento di pavimenti, rifacimento dell&#8217;impianto idrico ed elettrico con una spesa complessiva di \u00a3 4.143.000.<\/span><\/p>\n<p><span style=\"color: #000000;\">La caldaia \u00e8 stata nuovamente sostituita nell&#8217; anno 2010 con altra a condensazione posizionata nel sottotetto e nuove condutture in rame.<\/span><\/p>\n<p><span style=\"color: #000000;\">Il fabbricato che era censito al nuovo catasto edilizio urbano del Comune di Mondovi&#8217; alla partita 1488 intestata alla societ\u00e0 Anonima Subalpina al fog. 69\u00a0 Cat. A\/4 classe 5 vani 10 R.C. \u00a3 1.480 con variazione del 30\/09\/2014\u00a0 \u00e8 stato intestato all&#8217;Istituto delle Terziarie di San Francesco con sede in Susa e classificato\u00a0 con variazione da civile abitazione a scuola Fog. 69 mapp.193 sub 4 Cat.B5 rendita \u20ac 4.105,38.<\/span><\/p>\n<p><span style=\"color: #000000;\"><strong>La Scuola Materna Maria Immacolata \u00e8 gestita dal 1\u00b0 settembre 2014 dall\u2019Associazione Scuola Materna San Domenico e attualmente funziona con due sezioni.<\/strong><\/span><\/p>\n<p><span style=\"color: #000000;\">L\u2019Istituto delle Terziarie Francescane ha stipulato un Contratto di locazione regolarmente registrato con L\u2019Associazione Scuola Materna San Domenico.<\/span><\/p>\n<p><span style=\"color: #000000;\">Nell\u2019anno \u00a02015\/2016 con un\u00a0 sostanzioso contributo da parte della Fondazione della Cassa di Risparmio di Cuneo e di fondi proprii si \u00e8 provveduto a lavori che hanno permesso di risolvere molti problemi relativi alla sicurezza e al risparmio energetico: demolizione muri interni\u00a0 per la creazione del corridoio di\u00a0 accesso alla scala di sicurezza, ampliamento\u00a0 della relativa porta, installazione scala antincendio in ferro zincato e grigliato\u00a0 coperta con struttura in plexiglas, installazione serramento dell&#8217;uscita di sicurezza, sostituzione porta di ingresso\u00a0 con altra dotata di maniglione antipanico, sostituzione di quasi tutti gli infissi con altri\u00a0 in alluminio e vetrocamera antisfondamento e modifica all\u2019impianto di riscaldamento con l\u2019 installazione di una pompa di rilancio.<\/span><\/p>\n<p>&nbsp;<\/p>\n<p><span style=\"color: #000000;\">Negli anni scolastici gestiti dall\u2019Associazione Scuola Materna San Domenico<\/span><\/p>\n<p><span style=\"color: #000000;\">il numero dei bambini iscritti in questo plesso \u00e8 oscillato fra i 50 e 56.<\/span><\/p>\n<p><span style=\"color: #000000;\">Da inizio gestione il Presidente \u00e8 Brignone Dr. Ugo<\/span><\/p>\n<p><span style=\"color: #000000;\">e la Segretaria Perano Arch. Veronica<\/span>[\/vc_column_text][\/vc_column][\/vc_row]<\/p>\n<\/div>","protected":false},"excerpt":{"rendered":"<p>[vc_row][vc_column][vc_column_text css=&#8221;&#8221;]Nel 1933 era iniziata la costruzione della linea ferroviaria Fossano \/Ceva e nella zona denominata Borgo Aragno era in fase di costruzione la futura stazione ferroviaria. A quei tempi nella zona del Borgo Aragno, come pure lungo la strada per Cuneo, esistevano poche cascine, mentre nella parte denominata Altipiano erano iniziate da poco le&hellip;<\/p>\n","protected":false},"author":2,"featured_media":0,"parent":0,"menu_order":0,"comment_status":"closed","ping_status":"closed","template":"","meta":{"footnotes":""},"class_list":["post-402","page","type-page","status-publish","hentry","description-off"],"yoast_head":"<!-- This site is optimized with the Yoast SEO plugin v26.9 - https:\/\/yoast.com\/product\/yoast-seo-wordpress\/ -->\r\n<title>La nostra storia im - Associazione San Domenico<\/title>\r\n<meta name=\"robots\" content=\"index, follow, max-snippet:-1, max-image-preview:large, max-video-preview:-1\" \/>\r\n<link rel=\"canonical\" href=\"https:\/\/www.maternasandomenico.it\/a\/la-nostra-storia-im\/\" \/>\r\n<meta property=\"og:locale\" content=\"it_IT\" \/>\r\n<meta property=\"og:type\" content=\"article\" \/>\r\n<meta property=\"og:title\" content=\"La nostra storia im - Associazione San Domenico\" \/>\r\n<meta property=\"og:description\" content=\"[vc_row][vc_column][vc_column_text css=&#8221;&#8221;]Nel 1933 era iniziata la costruzione della linea ferroviaria Fossano \/Ceva e nella zona denominata Borgo Aragno era in fase di costruzione la futura stazione ferroviaria. A quei tempi nella zona del Borgo Aragno, come pure lungo la strada per Cuneo, esistevano poche cascine, mentre nella parte denominata Altipiano erano iniziate da poco le&hellip;\" \/>\r\n<meta property=\"og:url\" content=\"https:\/\/www.maternasandomenico.it\/a\/la-nostra-storia-im\/\" \/>\r\n<meta property=\"og:site_name\" content=\"Associazione San Domenico\" \/>\r\n<meta property=\"article:modified_time\" content=\"2025-10-15T19:21:28+00:00\" \/>\r\n<meta name=\"twitter:card\" content=\"summary_large_image\" \/>\r\n<meta name=\"twitter:label1\" content=\"Tempo di lettura stimato\" \/>\n\t<meta name=\"twitter:data1\" content=\"4 minuti\" \/>\r\n<script type=\"application\/ld+json\" class=\"yoast-schema-graph\">{\"@context\":\"https:\/\/schema.org\",\"@graph\":[{\"@type\":\"WebPage\",\"@id\":\"https:\/\/www.maternasandomenico.it\/a\/la-nostra-storia-im\/\",\"url\":\"https:\/\/www.maternasandomenico.it\/a\/la-nostra-storia-im\/\",\"name\":\"La nostra storia im - Associazione San Domenico\",\"isPartOf\":{\"@id\":\"https:\/\/www.maternasandomenico.it\/a\/#website\"},\"datePublished\":\"2025-10-15T19:19:37+00:00\",\"dateModified\":\"2025-10-15T19:21:28+00:00\",\"breadcrumb\":{\"@id\":\"https:\/\/www.maternasandomenico.it\/a\/la-nostra-storia-im\/#breadcrumb\"},\"inLanguage\":\"it-IT\",\"potentialAction\":[{\"@type\":\"ReadAction\",\"target\":[\"https:\/\/www.maternasandomenico.it\/a\/la-nostra-storia-im\/\"]}]},{\"@type\":\"BreadcrumbList\",\"@id\":\"https:\/\/www.maternasandomenico.it\/a\/la-nostra-storia-im\/#breadcrumb\",\"itemListElement\":[{\"@type\":\"ListItem\",\"position\":1,\"name\":\"Home\",\"item\":\"https:\/\/www.maternasandomenico.it\/a\/\"},{\"@type\":\"ListItem\",\"position\":2,\"name\":\"La nostra storia im\"}]},{\"@type\":\"WebSite\",\"@id\":\"https:\/\/www.maternasandomenico.it\/a\/#website\",\"url\":\"https:\/\/www.maternasandomenico.it\/a\/\",\"name\":\"Associazione San Domenico\",\"description\":\"\",\"potentialAction\":[{\"@type\":\"SearchAction\",\"target\":{\"@type\":\"EntryPoint\",\"urlTemplate\":\"https:\/\/www.maternasandomenico.it\/a\/?s={search_term_string}\"},\"query-input\":{\"@type\":\"PropertyValueSpecification\",\"valueRequired\":true,\"valueName\":\"search_term_string\"}}],\"inLanguage\":\"it-IT\"}]}<\/script>\r\n<!-- \/ Yoast SEO plugin. -->","yoast_head_json":{"title":"La nostra storia im - Associazione San Domenico","robots":{"index":"index","follow":"follow","max-snippet":"max-snippet:-1","max-image-preview":"max-image-preview:large","max-video-preview":"max-video-preview:-1"},"canonical":"https:\/\/www.maternasandomenico.it\/a\/la-nostra-storia-im\/","og_locale":"it_IT","og_type":"article","og_title":"La nostra storia im - Associazione San Domenico","og_description":"[vc_row][vc_column][vc_column_text css=&#8221;&#8221;]Nel 1933 era iniziata la costruzione della linea ferroviaria Fossano \/Ceva e nella zona denominata Borgo Aragno era in fase di costruzione la futura stazione ferroviaria. A quei tempi nella zona del Borgo Aragno, come pure lungo la strada per Cuneo, esistevano poche cascine, mentre nella parte denominata Altipiano erano iniziate da poco le&hellip;","og_url":"https:\/\/www.maternasandomenico.it\/a\/la-nostra-storia-im\/","og_site_name":"Associazione San Domenico","article_modified_time":"2025-10-15T19:21:28+00:00","twitter_card":"summary_large_image","twitter_misc":{"Tempo di lettura stimato":"4 minuti"},"schema":{"@context":"https:\/\/schema.org","@graph":[{"@type":"WebPage","@id":"https:\/\/www.maternasandomenico.it\/a\/la-nostra-storia-im\/","url":"https:\/\/www.maternasandomenico.it\/a\/la-nostra-storia-im\/","name":"La nostra storia im - Associazione San Domenico","isPartOf":{"@id":"https:\/\/www.maternasandomenico.it\/a\/#website"},"datePublished":"2025-10-15T19:19:37+00:00","dateModified":"2025-10-15T19:21:28+00:00","breadcrumb":{"@id":"https:\/\/www.maternasandomenico.it\/a\/la-nostra-storia-im\/#breadcrumb"},"inLanguage":"it-IT","potentialAction":[{"@type":"ReadAction","target":["https:\/\/www.maternasandomenico.it\/a\/la-nostra-storia-im\/"]}]},{"@type":"BreadcrumbList","@id":"https:\/\/www.maternasandomenico.it\/a\/la-nostra-storia-im\/#breadcrumb","itemListElement":[{"@type":"ListItem","position":1,"name":"Home","item":"https:\/\/www.maternasandomenico.it\/a\/"},{"@type":"ListItem","position":2,"name":"La nostra storia im"}]},{"@type":"WebSite","@id":"https:\/\/www.maternasandomenico.it\/a\/#website","url":"https:\/\/www.maternasandomenico.it\/a\/","name":"Associazione San Domenico","description":"","potentialAction":[{"@type":"SearchAction","target":{"@type":"EntryPoint","urlTemplate":"https:\/\/www.maternasandomenico.it\/a\/?s={search_term_string}"},"query-input":{"@type":"PropertyValueSpecification","valueRequired":true,"valueName":"search_term_string"}}],"inLanguage":"it-IT"}]}},"_links":{"self":[{"href":"https:\/\/www.maternasandomenico.it\/a\/wp-json\/wp\/v2\/pages\/402","targetHints":{"allow":["GET"]}}],"collection":[{"href":"https:\/\/www.maternasandomenico.it\/a\/wp-json\/wp\/v2\/pages"}],"about":[{"href":"https:\/\/www.maternasandomenico.it\/a\/wp-json\/wp\/v2\/types\/page"}],"author":[{"embeddable":true,"href":"https:\/\/www.maternasandomenico.it\/a\/wp-json\/wp\/v2\/users\/2"}],"replies":[{"embeddable":true,"href":"https:\/\/www.maternasandomenico.it\/a\/wp-json\/wp\/v2\/comments?post=402"}],"version-history":[{"count":4,"href":"https:\/\/www.maternasandomenico.it\/a\/wp-json\/wp\/v2\/pages\/402\/revisions"}],"predecessor-version":[{"id":406,"href":"https:\/\/www.maternasandomenico.it\/a\/wp-json\/wp\/v2\/pages\/402\/revisions\/406"}],"wp:attachment":[{"href":"https:\/\/www.maternasandomenico.it\/a\/wp-json\/wp\/v2\/media?parent=402"}],"curies":[{"name":"wp","href":"https:\/\/api.w.org\/{rel}","templated":true}]}}