{"id":305,"date":"2025-10-12T18:32:11","date_gmt":"2025-10-12T16:32:11","guid":{"rendered":"https:\/\/www.maternasandomenico.it\/a\/?page_id=305"},"modified":"2025-12-18T20:59:40","modified_gmt":"2025-12-18T19:59:40","slug":"regolamento-della-scuola-dinfanzia-immacolata","status":"publish","type":"page","link":"https:\/\/www.maternasandomenico.it\/a\/regolamento-della-scuola-dinfanzia-immacolata\/","title":{"rendered":"REGOLAMENTO DELLA SCUOLA D\u2019INFANZIA \u201dimmacolata\u201d"},"content":{"rendered":"<div class=\"wpb-content-wrapper\"><p>[vc_row content_placement=&#8221;middle&#8221;][vc_column]<div id=\"uvc-type-wrap-1628\"  data-ultimate-target='#uvc-type-wrap-1628'  data-responsive-json-new='{\"font-size\":\"desktop:30px;\",\"line-height\":\"\"}'  class=\"uvc-type-wrap  ult-adjust-bottom-margin ult-responsive  uvc-type-align-center uvc-type-no-prefix uvc-wrap-169f61ced57c02\" style=\"text-align:center;\"><span id=\"typed-169f61ced57c02\" class=\"ultimate-typed-main \" style=\"color:#FF9B48; font-weight:normal; text-transform: capitalize;\"><\/span><script type=\"text\/javascript\">\n\t\t\t\t\t\tjQuery(function($){ \n\t\t\t\t\t\t\t$(document).ready(function(){\n\t\t\t\t\t\t\t\tif( typeof jQuery(\"#typed-169f61ced57c02\").typed == \"function\"){\n\t\t\t\t\t\t\t\t\t$(\"#typed-169f61ced57c02\").typed({\n\t\t\t\t\t\t\t\t\t\tstrings: [\"REGOLAMENTO DELLA SCUOLA D\u2019INFANZIA \u201dMARIA IMMACOLATA\u201d\"],\n\t\t\t\t\t\t\t\t\t\ttypeSpeed: 35,\n\t\t\t\t\t\t\t\t\t\tbackSpeed: 0,\n\t\t\t\t\t\t\t\t\t\tstartDelay: \"200\",\n\t\t\t\t\t\t\t\t\t\tbackDelay: \"1500\",\n\t\t\t\t\t\t\t\t\t\tloop: true,\n\t\t\t\t\t\t\t\t\t\tloopCount: false,\n\t\t\t\t\t\t\t\t\t\tshowCursor: true,\n\t\t\t\t\t\t\t\t\t\tcursorChar: \"|\",\n\t\t\t\t\t\t\t\t\t\tattr: null\n\t\t\t\t\t\t\t\t\t});\n\t\t\t\t\t\t\t\t}\n\t\t\t\t\t\t\t});\n\t\t\t\t\t\t});\n\t\t\t\t\t<\/script><\/div>[vc_empty_space height=&#8221;60px&#8221;][\/vc_column][\/vc_row][vc_row content_placement=&#8221;middle&#8221;][vc_column][vc_column_text css=&#8221;&#8221;]<span style=\"color: #000000;\">1. La nostra Scuola dell\u2019Infanzia paritaria, autonoma, inserita nel sistema nazionale di istruzione, svolge un servizio pubblico e si propone l\u2019educazione integrale del bambino: ne cura perci\u00f2 la formazione morale, religiosa, intellettuale, sociale e fisica. Aiuta i bambini a conoscersi, a crescere insieme, a volersi bene.<\/span><\/p>\n<p><span style=\"color: #000000;\">2 . I genitori sono sollecitati a partecipare agli incontri formativi organizzati per loro ed a tenere contatti frequenti con la Coordinatrice e le educatrici.<\/span><\/p>\n<p><span style=\"color: #000000;\">3 . I rapporti tra educatrici e genitori si ispirano a cordialit\u00e0, lealt\u00e0, collaborazione e si attuano nella reciproca comprensione, nella fiducia e nella cordiale intesa.<\/span><\/p>\n<p><span style=\"color: #000000;\">4 .I genitori potranno\u00a0<strong>fare riferimento alla Coordinatrice per eventuali inconvenienti o informazioni riguardanti la Scuola. La Coordinatrice e le Insegnanti declinano ogni responsabilit\u00e0 dal momento in cui il bambino viene consegnato al genitore o chi per esso.<\/strong><\/span><\/p>\n<p><span style=\"color: #000000;\">5 . Gli incontri individuali con i genitori saranno concordati con le insegnanti e quando se ne<br \/>\nriscontrer\u00e0 la necessit\u00e0.<\/span><\/p>\n<p><span style=\"color: #000000;\">6 . Il personale della Scuola Materna non pu\u00f2 somministrare medicinali.<\/span><\/p>\n<p><span style=\"color: #000000;\">7. In caso di sospette o manifeste forme virali o infettive o infestazioni presenti (es. congiuntivite, malattie esantematiche, stati febbrili, pediculosi,\u2026.) la Scuola \u00e8 tenuta a contattare i genitori che si impegnano a recuperare il bambino quanto prima possibile per gli accertamenti medico\/pediatrici del caso. La Scuola si attiene al documento con le indicazioni in caso di problemi di salute dei bambini, redatto dalla Dottoressa Fusco, Direttore SC pediatria Mondov\u00ec.<\/span><\/p>\n<p><span style=\"color: #000000;\">8. A seguito di traumi ortopedici, che richiedono l\u2019utilizzo di dispositivi medici quali: gessi, bendaggi rigidi, stecche, ecc\u2026, il bambino potr\u00e0 essere riammesso a Scuola previa presentazione di certificato rilasciato dal pediatra, che ne attesti l\u2019idoneit\u00e0 fisica a poter frequentare l\u2019ambiente scolastico.<\/span><\/p>\n<p><span style=\"color: #000000;\">9. A seguito di intervento chirurgico di qualsiasi genere, il bambino potr\u00e0 essere riammesso a Scuola previa presentazione di certificato rilasciato dal pediatra o dal medico che ha effettuato l\u2019intervento, che ne attesti l\u2019idoneit\u00e0 fisica a poter frequentare l\u2019ambiente scolastico.<\/span>[\/vc_column_text][vc_message color=&#8221;warning&#8221; message_box_color=&#8221;warning&#8221; icon_fontawesome=&#8221;&#8221; css=&#8221;&#8221;]<strong><span style=\"color: #000000;\">10. L\u2019 iscrizione del bambino alla Scuola Materna costituisce un impegno alla frequenza.<\/span><\/strong><\/p>\n<p><strong><span style=\"color: #000000;\">11. La retta a seguito di convenzione con il Comune di Mondov\u00ec, verr\u00e0 determinata in base alla presentazione del reddito ISEE e precisamente:<\/span><\/strong><br \/>\n<strong><span style=\"color: #000000;\">per famiglie con reddito ISEE superiore a \u20ac. 14000,00 \u2026\u2026\u2026\u2026.. \u20ac. 200<\/span><\/strong><br \/>\n<strong><span style=\"color: #000000;\">per famiglie con reddito ISEE inferiore a \u20ac. 14000,00 \u2026\u2026 \u2026\u2026.. \u20ac. 180<\/span><\/strong><br \/>\n<strong><span style=\"color: #000000;\">per il prolungamento di orario dovr\u00e0 essere versata una maggiorazione di \u20ac. 90<\/span><\/strong><br \/>\n<strong><span style=\"color: #000000;\">si verser\u00e0 all\u2019 inizio di ogni mese sul CCB cod. IBAN. IT 65 E 03069 46482 100 0000 69469 e non verr\u00e0 scalata in caso di assenze, anche se prolungate, a causa delle spese generali fisse di gestione della Scuola.<\/span><\/strong><\/p>\n<p><strong><span style=\"color: #000000;\">12. Per i bimbi residenti al di fuori del Comune di Mondov\u00ec la retta \u00e8 di \u20ac. 230.<\/span><\/strong><\/p>\n<p><strong><span style=\"color: #000000;\">13. All\u2019atto dell\u2019iscrizione annuale si dovr\u00e0 versare quale impegno di frequenza una quota pari ad Euro 100 , tale somma servir\u00e0 a coprire costi assicurativi e spese di acquisto del materiale didattico utilizzato dall\u2019 alunno nel corso dell\u2019 anno scolastico. La quota andr\u00e0 versata tramite bonifico bancario specificando nella causale il nome e cognome dell\u2019alunno; copia dell\u2019avvenuto bonifico andr\u00e0 consegnata alla Scuola con la domanda\/conferma di iscrizione e ne convalider\u00e0 iscrizione.<\/span><\/strong>[\/vc_message][vc_column_text css=&#8221;&#8221;]<span style=\"color: #000000;\">14. L\u2019attivit\u00e0 della Scuola Materna inizia i primi giorni di settembre e termina a fine giugno. La Scuola \u00e8 aperta dal luned\u00ec al venerd\u00ec, <strong>con entrata dalle ore 7,30 alle 9,15 e uscita alle 12,45\/13,15 o 16,00\/16,10. Il prolungamento orario \u00e8 previsto fino alle ore 18. <\/strong>Si richiede il rispetto degli orari di ingresso e di uscita per garantire un buon funzionamento scolastico.<\/span><\/p>\n<p><span style=\"color: #000000;\">15. Sono previste le vacanze di Natale e di Pasqua.<\/span><\/p>\n<p><span style=\"color: #000000;\">16. Non \u00e8 consentito effettuare volantinaggio in occasione di compleanni o di altre attivit\u00e0 all\u2019interno della Scuola.<\/span><\/p>\n<p><span style=\"color: #000000;\">17.\u00a0Criteri di precedenza di iscrizione in caso di eccedenze:<\/span><br \/>\n<span style=\"color: #000000;\">&#8211; Residenti nella zona di competenza (bacino d\u2019utenza)<\/span><br \/>\n<span style=\"color: #000000;\">&#8211; Fratello\/i frequentanti la stessa scuola dell\u2019infanzia o l\u2019adiacente scuola primaria<\/span><br \/>\n<span style=\"color: #000000;\">&#8211; Residenti nel Comune<\/span><br \/>\n<span style=\"color: #000000;\">&#8211; Residenti fuori Comune<\/span><br \/>\n<span style=\"color: #000000;\">&#8211; Frequenza anticipata (bambini che compiono i 3 anni entro il 30 aprile dell\u2019anno successivo).<\/span>[\/vc_column_text][vc_message color=&#8221;warning&#8221; message_box_color=&#8221;warning&#8221; icon_fontawesome=&#8221;&#8221; css=&#8221;&#8221;]<span style=\"color: #000000;\"><strong>Sar\u00e0 facolt\u00e0 dell\u2019Amministrazione valutare l\u2019accettazione della domanda di iscrizione.<\/strong><\/span><\/p>\n<p><span style=\"color: #000000;\"><strong>Per favorire il buon andamento generale e l\u2019 attivit\u00e0 didattica, si esige massima puntualit\u00e0 e assidua presenza.<\/strong><\/span>[\/vc_message][\/vc_column][\/vc_row][vc_row][vc_column][vc_column_text css=&#8221;&#8221;]<em>L&#8217;amministrazione<\/em>[\/vc_column_text][\/vc_column][\/vc_row][vc_row][vc_column][vc_column_text css=&#8221;&#8221;]<div class=\"_df_book df-lite\" id=\"df_729\"  _slug=\"indicazioni-di-comportamento-in-caso-di\" data-title=\"indicazioni-di-comportamento-in-caso-di\" wpoptions=\"true\" thumbtype=\"\" ><\/div><script class=\"df-shortcode-script\" nowprocket type=\"application\/javascript\">window.option_df_729 = {\"outline\":[],\"autoEnableOutline\":\"false\",\"autoEnableThumbnail\":\"false\",\"overwritePDFOutline\":\"false\",\"direction\":\"1\",\"pageSize\":\"0\",\"source\":\"https:\\\/\\\/www.maternasandomenico.it\\\/a\\\/wp-content\\\/uploads\\\/2025\\\/12\\\/INDICAZIONI-DI-COMPORTAMENTO-IN-CASO-DI-1.pdf\",\"wpOptions\":\"true\"}; if(window.DFLIP && window.DFLIP.parseBooks){window.DFLIP.parseBooks();}<\/script>[\/vc_column_text][vc_column_text css=&#8221;&#8221;]<div class=\"_df_book df-lite\" id=\"df_205\"  _slug=\"regolamento-prolungamento-orario-sd-2025_26\" data-title=\"regolamento-prolungamento-orario-sd-2025_26-sd\" wpoptions=\"true\" thumbtype=\"\" ><\/div><script class=\"df-shortcode-script\" nowprocket type=\"application\/javascript\">window.option_df_205 = {\"outline\":[],\"autoEnableOutline\":\"false\",\"autoEnableThumbnail\":\"false\",\"overwritePDFOutline\":\"false\",\"direction\":\"1\",\"pageSize\":\"0\",\"source\":\"https:\\\/\\\/www.maternasandomenico.it\\\/a\\\/wp-content\\\/uploads\\\/2025\\\/10\\\/Regolamento-prolungamento-orario-SD-2025_26.pdf\",\"wpOptions\":\"true\"}; if(window.DFLIP && window.DFLIP.parseBooks){window.DFLIP.parseBooks();}<\/script>[\/vc_column_text][\/vc_column][\/vc_row]<\/p>\n<\/div>","protected":false},"excerpt":{"rendered":"<p>[vc_row content_placement=&#8221;middle&#8221;][vc_column][vc_empty_space height=&#8221;60px&#8221;][\/vc_column][\/vc_row][vc_row content_placement=&#8221;middle&#8221;][vc_column][vc_column_text css=&#8221;&#8221;]1. La nostra Scuola dell\u2019Infanzia paritaria, autonoma, inserita nel sistema nazionale di istruzione, svolge un servizio pubblico e si propone l\u2019educazione integrale del bambino: ne cura perci\u00f2 la formazione morale, religiosa, intellettuale, sociale e fisica. Aiuta i bambini a conoscersi, a crescere insieme, a volersi bene. 2 . I genitori sono&hellip;<\/p>\n","protected":false},"author":2,"featured_media":0,"parent":0,"menu_order":0,"comment_status":"closed","ping_status":"closed","template":"","meta":{"footnotes":""},"class_list":["post-305","page","type-page","status-publish","hentry","description-off"],"yoast_head":"<!-- This site is optimized with the Yoast SEO plugin v26.9 - https:\/\/yoast.com\/product\/yoast-seo-wordpress\/ -->\r\n<title>REGOLAMENTO DELLA SCUOLA D\u2019INFANZIA \u201dimmacolata\u201d - Associazione San Domenico<\/title>\r\n<meta name=\"robots\" content=\"index, follow, max-snippet:-1, max-image-preview:large, max-video-preview:-1\" \/>\r\n<link rel=\"canonical\" href=\"https:\/\/www.maternasandomenico.it\/a\/regolamento-della-scuola-dinfanzia-immacolata\/\" \/>\r\n<meta property=\"og:locale\" content=\"it_IT\" \/>\r\n<meta property=\"og:type\" content=\"article\" \/>\r\n<meta property=\"og:title\" content=\"REGOLAMENTO DELLA SCUOLA D\u2019INFANZIA \u201dimmacolata\u201d - Associazione San Domenico\" \/>\r\n<meta property=\"og:description\" content=\"[vc_row content_placement=&#8221;middle&#8221;][vc_column][vc_empty_space height=&#8221;60px&#8221;][\/vc_column][\/vc_row][vc_row content_placement=&#8221;middle&#8221;][vc_column][vc_column_text css=&#8221;&#8221;]1. La nostra Scuola dell\u2019Infanzia paritaria, autonoma, inserita nel sistema nazionale di istruzione, svolge un servizio pubblico e si propone l\u2019educazione integrale del bambino: ne cura perci\u00f2 la formazione morale, religiosa, intellettuale, sociale e fisica. Aiuta i bambini a conoscersi, a crescere insieme, a volersi bene. 2 . I genitori sono&hellip;\" \/>\r\n<meta property=\"og:url\" content=\"https:\/\/www.maternasandomenico.it\/a\/regolamento-della-scuola-dinfanzia-immacolata\/\" \/>\r\n<meta property=\"og:site_name\" content=\"Associazione San Domenico\" \/>\r\n<meta property=\"article:modified_time\" content=\"2025-12-18T19:59:40+00:00\" \/>\r\n<meta name=\"twitter:card\" content=\"summary_large_image\" \/>\r\n<meta name=\"twitter:label1\" content=\"Tempo di lettura stimato\" \/>\n\t<meta name=\"twitter:data1\" content=\"4 minuti\" \/>\r\n<script type=\"application\/ld+json\" class=\"yoast-schema-graph\">{\"@context\":\"https:\/\/schema.org\",\"@graph\":[{\"@type\":\"WebPage\",\"@id\":\"https:\/\/www.maternasandomenico.it\/a\/regolamento-della-scuola-dinfanzia-immacolata\/\",\"url\":\"https:\/\/www.maternasandomenico.it\/a\/regolamento-della-scuola-dinfanzia-immacolata\/\",\"name\":\"REGOLAMENTO DELLA SCUOLA D\u2019INFANZIA \u201dimmacolata\u201d - Associazione San Domenico\",\"isPartOf\":{\"@id\":\"https:\/\/www.maternasandomenico.it\/a\/#website\"},\"datePublished\":\"2025-10-12T16:32:11+00:00\",\"dateModified\":\"2025-12-18T19:59:40+00:00\",\"breadcrumb\":{\"@id\":\"https:\/\/www.maternasandomenico.it\/a\/regolamento-della-scuola-dinfanzia-immacolata\/#breadcrumb\"},\"inLanguage\":\"it-IT\",\"potentialAction\":[{\"@type\":\"ReadAction\",\"target\":[\"https:\/\/www.maternasandomenico.it\/a\/regolamento-della-scuola-dinfanzia-immacolata\/\"]}]},{\"@type\":\"BreadcrumbList\",\"@id\":\"https:\/\/www.maternasandomenico.it\/a\/regolamento-della-scuola-dinfanzia-immacolata\/#breadcrumb\",\"itemListElement\":[{\"@type\":\"ListItem\",\"position\":1,\"name\":\"Home\",\"item\":\"https:\/\/www.maternasandomenico.it\/a\/\"},{\"@type\":\"ListItem\",\"position\":2,\"name\":\"REGOLAMENTO DELLA SCUOLA D\u2019INFANZIA \u201dimmacolata\u201d\"}]},{\"@type\":\"WebSite\",\"@id\":\"https:\/\/www.maternasandomenico.it\/a\/#website\",\"url\":\"https:\/\/www.maternasandomenico.it\/a\/\",\"name\":\"Associazione San Domenico\",\"description\":\"\",\"potentialAction\":[{\"@type\":\"SearchAction\",\"target\":{\"@type\":\"EntryPoint\",\"urlTemplate\":\"https:\/\/www.maternasandomenico.it\/a\/?s={search_term_string}\"},\"query-input\":{\"@type\":\"PropertyValueSpecification\",\"valueRequired\":true,\"valueName\":\"search_term_string\"}}],\"inLanguage\":\"it-IT\"}]}<\/script>\r\n<!-- \/ Yoast SEO plugin. -->","yoast_head_json":{"title":"REGOLAMENTO DELLA SCUOLA D\u2019INFANZIA \u201dimmacolata\u201d - Associazione San Domenico","robots":{"index":"index","follow":"follow","max-snippet":"max-snippet:-1","max-image-preview":"max-image-preview:large","max-video-preview":"max-video-preview:-1"},"canonical":"https:\/\/www.maternasandomenico.it\/a\/regolamento-della-scuola-dinfanzia-immacolata\/","og_locale":"it_IT","og_type":"article","og_title":"REGOLAMENTO DELLA SCUOLA D\u2019INFANZIA \u201dimmacolata\u201d - Associazione San Domenico","og_description":"[vc_row content_placement=&#8221;middle&#8221;][vc_column][vc_empty_space height=&#8221;60px&#8221;][\/vc_column][\/vc_row][vc_row content_placement=&#8221;middle&#8221;][vc_column][vc_column_text css=&#8221;&#8221;]1. La nostra Scuola dell\u2019Infanzia paritaria, autonoma, inserita nel sistema nazionale di istruzione, svolge un servizio pubblico e si propone l\u2019educazione integrale del bambino: ne cura perci\u00f2 la formazione morale, religiosa, intellettuale, sociale e fisica. Aiuta i bambini a conoscersi, a crescere insieme, a volersi bene. 2 . I genitori sono&hellip;","og_url":"https:\/\/www.maternasandomenico.it\/a\/regolamento-della-scuola-dinfanzia-immacolata\/","og_site_name":"Associazione San Domenico","article_modified_time":"2025-12-18T19:59:40+00:00","twitter_card":"summary_large_image","twitter_misc":{"Tempo di lettura stimato":"4 minuti"},"schema":{"@context":"https:\/\/schema.org","@graph":[{"@type":"WebPage","@id":"https:\/\/www.maternasandomenico.it\/a\/regolamento-della-scuola-dinfanzia-immacolata\/","url":"https:\/\/www.maternasandomenico.it\/a\/regolamento-della-scuola-dinfanzia-immacolata\/","name":"REGOLAMENTO DELLA SCUOLA D\u2019INFANZIA \u201dimmacolata\u201d - Associazione San Domenico","isPartOf":{"@id":"https:\/\/www.maternasandomenico.it\/a\/#website"},"datePublished":"2025-10-12T16:32:11+00:00","dateModified":"2025-12-18T19:59:40+00:00","breadcrumb":{"@id":"https:\/\/www.maternasandomenico.it\/a\/regolamento-della-scuola-dinfanzia-immacolata\/#breadcrumb"},"inLanguage":"it-IT","potentialAction":[{"@type":"ReadAction","target":["https:\/\/www.maternasandomenico.it\/a\/regolamento-della-scuola-dinfanzia-immacolata\/"]}]},{"@type":"BreadcrumbList","@id":"https:\/\/www.maternasandomenico.it\/a\/regolamento-della-scuola-dinfanzia-immacolata\/#breadcrumb","itemListElement":[{"@type":"ListItem","position":1,"name":"Home","item":"https:\/\/www.maternasandomenico.it\/a\/"},{"@type":"ListItem","position":2,"name":"REGOLAMENTO DELLA SCUOLA D\u2019INFANZIA \u201dimmacolata\u201d"}]},{"@type":"WebSite","@id":"https:\/\/www.maternasandomenico.it\/a\/#website","url":"https:\/\/www.maternasandomenico.it\/a\/","name":"Associazione San Domenico","description":"","potentialAction":[{"@type":"SearchAction","target":{"@type":"EntryPoint","urlTemplate":"https:\/\/www.maternasandomenico.it\/a\/?s={search_term_string}"},"query-input":{"@type":"PropertyValueSpecification","valueRequired":true,"valueName":"search_term_string"}}],"inLanguage":"it-IT"}]}},"_links":{"self":[{"href":"https:\/\/www.maternasandomenico.it\/a\/wp-json\/wp\/v2\/pages\/305","targetHints":{"allow":["GET"]}}],"collection":[{"href":"https:\/\/www.maternasandomenico.it\/a\/wp-json\/wp\/v2\/pages"}],"about":[{"href":"https:\/\/www.maternasandomenico.it\/a\/wp-json\/wp\/v2\/types\/page"}],"author":[{"embeddable":true,"href":"https:\/\/www.maternasandomenico.it\/a\/wp-json\/wp\/v2\/users\/2"}],"replies":[{"embeddable":true,"href":"https:\/\/www.maternasandomenico.it\/a\/wp-json\/wp\/v2\/comments?post=305"}],"version-history":[{"count":9,"href":"https:\/\/www.maternasandomenico.it\/a\/wp-json\/wp\/v2\/pages\/305\/revisions"}],"predecessor-version":[{"id":740,"href":"https:\/\/www.maternasandomenico.it\/a\/wp-json\/wp\/v2\/pages\/305\/revisions\/740"}],"wp:attachment":[{"href":"https:\/\/www.maternasandomenico.it\/a\/wp-json\/wp\/v2\/media?parent=305"}],"curies":[{"name":"wp","href":"https:\/\/api.w.org\/{rel}","templated":true}]}}